{"id":3652,"date":"2022-12-12T09:53:28","date_gmt":"2022-12-12T09:53:28","guid":{"rendered":"https:\/\/isd-sa.com\/?page_id=3652"},"modified":"2026-04-01T11:45:38","modified_gmt":"2026-04-01T11:45:38","slug":"solutions","status":"publish","type":"page","link":"https:\/\/staging.isd-sa.com\/en\/solutions\/","title":{"rendered":"Solutions"},"content":{"rendered":"\n<div class=\"et_pb_section_0 et_pb_section et_section_regular et_block_section section_has_divider et_pb_bottom_divider preset--module--divi-section--default\"><div class=\"et_pb_row_0 et_pb_row et_block_row\"><div class=\"et_pb_column_0 et_pb_column et_pb_column_4_4 et-last-child et_block_column et_pb_css_mix_blend_mode_passthrough preset--module--divi-column--default\"><div class=\"et_pb_text_0 et_pb_text et_pb_bg_layout_light et_pb_module et_block_module\"><div class=\"et_pb_text_inner\"><h1>Nos Solutions...<\/h1>\n<\/div><\/div><\/div><\/div><div class=\"et_pb_bottom_inside_divider et-no-transition\"><\/div><\/div><div class=\"et_pb_section_1 et_pb_section et_section_regular et_block_section preset--module--divi-section--default\"><div class=\"et_pb_row_1 et_pb_row et_block_row\"><div class=\"et_pb_column_1 et_pb_column et_pb_column_4_4 et-last-child et_block_column et_pb_css_mix_blend_mode_passthrough preset--module--divi-column--default\">[dsm_dual_heading before_text=\"Nos Solutions en \" middle_text=\"Ing\u00e9nierie & Soutien\" before_background_color=\"RGBA(255,255,255,0)\" middle_background_color=\"RGBA(255,255,255,0)\" _builder_version=\"4.20.0\" _module_preset=\"default\" header_font=\"Montserrat|700|||||||\" header_text_color=\"#373D3D\" header_font_size=\"40px\" before_font=\"||||||||\" middle_text_color=\"#00819C\" text_orientation=\"center\" custom_margin=\"0px|0px|0px|0px|true|true\" custom_margin_tablet=\"0px|0px|0px|0px|true|true\" custom_margin_phone=\"0px||0px||true|true\" custom_margin_last_edited=\"on|tablet\" custom_padding=\"0px|0px|28px|0px|false|true\" custom_padding_tablet=\"||16px||false|false\" custom_padding_phone=\"0px|0px|6px|0px|false|false\" custom_padding_last_edited=\"on|phone\" header_font_size_tablet=\"26px\" header_font_size_phone=\"14px\" header_font_size_last_edited=\"on|phone\" global_colors_info=\"{}\"][\/dsm_dual_heading][dsm_icon_divider use_icon=\"on\" font_icon=\"&#xe072;||divi||400\" use_icon_font_size=\"on\" icon_font_size=\"40px\" divider_weight=\"2px\" icon_font_size_tablet=\"30px\" icon_font_size_phone=\"16px\" icon_font_size_last_edited=\"on|phone\" _builder_version=\"4.19.4\" _module_preset=\"default\" width=\"20%\" width_tablet=\"30%\" width_phone=\"40%\" width_last_edited=\"on|phone\" module_alignment=\"center\" custom_margin=\"0px|0px|0px|0px|true|true\" custom_padding=\"0px|0px|0px|0px|false|false\" custom_padding_last_edited=\"off|phone\" global_colors_info=\"{}\"][\/dsm_icon_divider]<\/div><\/div><div class=\"et_pb_row_2 et_pb_row et_block_row\"><div class=\"et_pb_column_2 et_pb_column et_pb_column_4_4 et-last-child et_block_column et_pb_css_mix_blend_mode_passthrough preset--module--divi-column--default\">[dsm_advanced_tabs dsm_tabs_layout=\"vertical\" dsm_equal_height=\"on\" dsm_show_arrow=\"on\" dsm_content_animation=\"bounceInRight\" dsm_inner_content_animation=\"fadeInRight\" dsm_tabs_image_icon_placement=\"left\" dsm_deep_link=\"on\" dsm_tabs_vertical_alignment=\"top\" dsm_tabs_gap=\"10px\" dsm_tabs_bg_color=\"rgba(0,129,156,0.2)\" dsm_tabs_active_bg_color=\"#00819C\" dsm_tabs_text_color=\"#3F3F40\" dsm_tabs_active_text_color=\"#FFFFFF\" dsm_tabs_icon_color=\"#3F3F40\" dsm_tabs_active_icon_color=\"#3F3F40\" dsm_content_bg_color=\"rgba(0,129,156,0.1)\" dsm_content_margin=\"0px|0px|0px|0px|true|true\" dsm_content_padding=\"3%|3%|0%|3%|false|true\" dsm_tabs_image_icon_margin=\"0px||0px||false|false\" dsm_tabs_image_icon_padding=\"0%|0%|0%|0%|true|true\" dsm_tabs_wrapper_width=\"23%\" dsm_tabs_wrapper_margin=\"0px|0px|0px|0px|true|true\" dsm_tabs_wrapper_padding=\"0%|2%|0%|0%|false|false\" dsm_tabs_wrapper_bg_color=\"RGBA(255,255,255,0)\" dsm_content_image_icon_margin=\"0px|0px|0px|0px|true|true\" dsm_content_image_icon_padding=\"0%|0%|3%|0%|false|true\" dsm_content_image_icon_alignment=\"center\" dsm_content_icon_size=\"0px\" dsm_content_image_width=\"50%\" dsm_content_icon_color=\"#3F3F40\" dsm_show_arrow_tablet=\"off\" dsm_show_arrow_phone=\"off\" dsm_show_arrow_last_edited=\"on|desktop\" dsm_tabs_gap_tablet=\"10px\" dsm_tabs_gap_phone=\"8px\" dsm_tabs_gap_last_edited=\"on|tablet\" dsm_content_padding_tablet=\"3%|3%|-1%|3%|false|true\" dsm_content_padding_phone=\"3%|3%|0%|3%|false|true\" dsm_content_padding_last_edited=\"on|desktop\" dsm_tabs_wrapper_width_tablet=\"100%\" dsm_tabs_wrapper_width_phone=\"100%\" dsm_tabs_wrapper_width_last_edited=\"on|desktop\" dsm_tabs_wrapper_padding_tablet=\"|0%|3%||false|false\" dsm_tabs_wrapper_padding_phone=\"0%|0%||0%|false|true\" dsm_tabs_wrapper_padding_last_edited=\"on|phone\" dsm_content_image_icon_alignment_tablet=\"center\" dsm_content_image_icon_alignment_phone=\"center\" dsm_content_image_icon_alignment_last_edited=\"on|desktop\" dsm_content_image_width_tablet=\"50%\" dsm_content_image_width_phone=\"50%\" dsm_content_image_width_last_edited=\"on|phone\" _builder_version=\"4.27.0\" _module_preset=\"default\" tab_title_font=\"Montserrat|600||on|||||\" tab_title_font_size=\"18px\" tab_title_line_height=\"1.8em\" content_title_level=\"h3\" content_title_font=\"Montserrat|600|||||||\" content_title_text_align=\"center\" content_title_text_color=\"#00819C\" content_title_font_size=\"32px\" content_title_line_height=\"2em\" tab_content_text_font=\"Montserrat||||||||\" tab_content_text_text_align=\"justify\" tab_content_text_font_size=\"18px\" tab_content_text_line_height=\"1.4em\" image_icon_custom_margin=\"0px|0px|0px|0px|true|true\" image_icon_custom_padding=\"0%|7%|0%|7%|true|true\" image_icon_custom_padding_tablet=\"2%|2%|2%|2%|true|true\" image_icon_custom_padding_phone=\"2%|2%|2%|2%|true|true\" image_icon_custom_padding_last_edited=\"on|desktop\" hover_enabled=0 tab_title_font_size_tablet=\"10px\" tab_title_font_size_phone=\"8px\" tab_title_font_size_last_edited=\"on|desktop\" tab_title_line_height_tablet=\"1.4em\" tab_title_line_height_phone=\"1.4em\" tab_title_line_height_last_edited=\"on|desktop\" content_title_font_size_tablet=\"18px\" content_title_font_size_phone=\"10px\" content_title_font_size_last_edited=\"on|phone\" content_title_line_height_tablet=\"2em\" content_title_line_height_phone=\"1.4em\" content_title_line_height_last_edited=\"on|phone\" tab_content_text_font_size_tablet=\"14px\" tab_content_text_font_size_phone=\"10px\" tab_content_text_font_size_last_edited=\"on|desktop\" tab_content_text_line_height_tablet=\"1.4em\" tab_content_text_line_height_phone=\"1.4em\" tab_content_text_line_height_last_edited=\"on|phone\" border_radii_dsm_tabs_border=\"on|12px|12px|12px|12px\" border_width_all_dsm_tabs_border=\"1px\" border_color_all_dsm_tabs_border=\"#00819C\" border_width_all_dsm_active_tabs_border=\"2px\" border_color_all_dsm_active_tabs_border=\"#00819C\" border_radii_dsm_content_border=\"on|12px|12px|12px|12px\" border_color_all_dsm_content_border=\"#00819C\" box_shadow_style_tab_active_shadow=\"preset2\" global_colors_info=\"{}\" sticky_enabled=0][dsm_advanced_tabs_child module_id=\"formation-technique-et-operationnelle\" dsm_title=\"INGENIERIE DE MAINTENANCE ASL \/ SLI\" dsm_content_title=\"Ing\u00e9nierie de Maintenance ASL \/ SLI\" dsm_content=\"<h2 class=%22dsm-title%22><\/h2>\n<div class=%22dsm-content%22>\n<p>Nos solutions de <strong>Soutien Logistique Int\u00e9gr\u00e9 (SLI)<\/strong> offrent \u00e0 nos clients l\u2019opportunit\u00e9 de cr\u00e9er et d\u2019entretenir un syst\u00e8me de soutien coh\u00e9rent permettant d\u2019assurer un rapport <strong>co\u00fbt global de possession\/disponibilit\u00e9 op\u00e9rationnelle <\/strong>optimal.<\/p>\n<p>D\u00e9s la phase de <strong>conception<\/strong> du produit jusque dans sa phase de <strong>MCO<\/strong>, ISD r\u00e9alise les travaux de d\u2019<strong>Analyse du Soutien Logistique (ASL) <\/strong>suivants :<\/p>\n<ul><\/ul>\n<ul>\n<li>Analyse critique de d\u00e9finition pour prendre en compte les contraintes du soutien,<\/li>\n<li>Analyse du besoin li\u00e9 au soutien logistique en coh\u00e9rence avec le profil d\u2019emploi,<\/li>\n<li>Conception du concept de maintenance,<\/li>\n<li>Gestion des documents d\u2019analyse du soutien logistique (suivant process client),<\/li>\n<li>Gestion des BASL (1388-2B \/ S3000L \/ Autre),<\/li>\n<li>Travaux sur la donn\u00e9e de ravitaillement (S2000M \/ MAT10003 v2014),<\/li>\n<li>Pr\u00e9paration \u00e0 la Codification OTAN,<\/li>\n<li>R\u00e9daction de Bulletins de Service (BS) afin d\u2019effectuer les campagnes de r\u00e9trofits,<\/li>\n<li>Audit ASL.<\/li>\n<\/ul>\n<\/div>\" dsm_content_use_icon_image=\"on\" dsm_content_image=\"https:\/\/staging.isd-sa.com\/wp-content\/uploads\/2022\/12\/Ingenierie-de-maintenance-ASL_SLI.jpg\" _builder_version=\"4.19.5\" _module_preset=\"default\" content_title_level=\"h3\" global_colors_info=\"{}\" parentorderclass=\"dsm_advanced_tabs_0\"][\/dsm_advanced_tabs_child][dsm_advanced_tabs_child module_id=\"formation-technique-et-operationnelle\" dsm_title=\"FORMATION TECHNIQUE ET OPERATIONNELLE\" dsm_content_title=\"Formation Technique & Op\u00e9rationnelle\" dsm_content=\"<h2 class=%22dsm-title%22><\/h2>\n<div class=%22dsm-content%22>\n<p>L\u2019\u00e9quipe formation d\u2019ISD poss\u00e8de une exp\u00e9rience de <strong>plus de 15 ans<\/strong> dans le domaine de la d\u00e9fense, ayant d\u00e9ploy\u00e9 des formations en France et \u00e0 l\u2019international.<\/p>\n<p>Les forces de notre \u00e9quipe :<\/p>\n<ul>\n<li>Un parcours <strong>d\u2019anciens utilisateurs d\u2019\u00e9quipements navals, terrestres et a\u00e9ronaval <\/strong>(anciens militaires, vision op\u00e9rationnelle)<\/li>\n<li>Un parcours dans une entreprise industrielle fran\u00e7aise d\u2019armement (vision industrielle)<\/li>\n<li>Une <strong>formation en ing\u00e9nierie p\u00e9dagogique<\/strong> pour \u00e0 la fois, analyser les documentations techniques, mettre en forme et concevoir des supports de cours<\/li>\n<li>La ma\u00eetrise de la langue fran\u00e7aise et anglaise nous permettant de participer aux projets internationaux<\/li>\n<\/ul>\n<p>Nos \u00e9quipes interviennent dans les domaines de d\u00e9fense terrestre et navale en :<\/p>\n<ul>\n<li>Formations \u00e0 la Mise en \u0153uvre<\/li>\n<li>Formations \u00e0 la Maintenance<\/li>\n<li>Formations au Tir<\/li>\n<li>Formations Syst\u00e8me<\/li>\n<\/ul>\n<p>L\u2019\u00e9quipe formation assure la <strong>conception des supports de formation<\/strong> (Support de cours, Notice de Fonctionnement P\u00e9dagogiques (NFP), Enseignement Assist\u00e9 par Ordinateurs (EAO).<\/p>\n<p>Les travaux d\u2019ing\u00e9nierie de formation sont men\u00e9s selon les<strong> objectifs p\u00e9dagogiques contractuels de r\u00e9f\u00e9rence<\/strong> de nos clients, adressant des formations <strong>th\u00e9oriques et pratiques,<\/strong> toujours plus tourn\u00e9es vers la digitalisation.<\/p>\n<\/div>\" dsm_content_use_icon_image=\"on\" dsm_content_image=\"https:\/\/staging.isd-sa.com\/wp-content\/uploads\/2022\/12\/vignettes-solutions-1.jpg\" _builder_version=\"4.19.5\" _module_preset=\"default\" content_title_level=\"h3\" global_colors_info=\"{}\" parentorderclass=\"dsm_advanced_tabs_0\"][\/dsm_advanced_tabs_child][dsm_advanced_tabs_child module_id=\"formation-technique-et-operationnelle\" dsm_title=\"DOCUMENTATION TECHNIQUE\" dsm_content_title=\"Documentation Technique\" dsm_content=\"<h2 class=%22dsm-title%22><\/h2>\n<div class=%22dsm-content%22>\n<p>Travaillant en collaboration \u00e9troite avec les \u00e9quipes d\u2019Ing\u00e9nierie de Maintenance et de Maitrise Technique, ISD dispose d\u2019un p\u00f4le d\u00e9di\u00e9 sp\u00e9cifiquement \u00e0 la <strong>Documentation Technique.<\/strong><\/p>\n<p>A partir des donn\u00e9es ASL, nous r\u00e9alisons un syst\u00e8me documentaire complet, compos\u00e9 principalement de :<\/p>\n<ul>\n<li>Manuels Op\u00e9rateur \/ Guides Techniques,<\/li>\n<li>Manuels d\u2019Entretien et de R\u00e9paration \/ Manuels de maintenance,<\/li>\n<li>Notice de Fonctionnement,<\/li>\n<li>Catalogues illustr\u00e9s.<\/li>\n<\/ul>\n<p>Pour nos clients priv\u00e9s ou \u00e9tatiques, nous ma\u00eetrisons, entre autres, la <strong>norme MAT 10000 et la sp\u00e9cification ASD S1000D.<\/strong><\/p>\n<\/div>\" dsm_content_use_icon_image=\"on\" dsm_content_image=\"https:\/\/staging.isd-sa.com\/wp-content\/uploads\/2022\/12\/vignettes-solutions-2.jpg\" _builder_version=\"4.19.5\" _module_preset=\"default\" content_title_level=\"h3\" global_colors_info=\"{}\" parentorderclass=\"dsm_advanced_tabs_0\"][\/dsm_advanced_tabs_child][dsm_advanced_tabs_child module_id=\"formation-technique-et-operationnelle\" dsm_title=\"MANAGEMENT DE PROGRAMME\" dsm_content_title=\"Management de Programme\" dsm_content=\"<h2 class=%22dsm-title%22><\/h2>\n<div class=%22dsm-content%22>\n\nISD apporte son exp\u00e9rience en <strong>Management de contrat et pilotage de projet<\/strong>, en couvrant <strong>toutes les phases d\u2019un programme d\u2019armement<\/strong>, du d\u00e9veloppement au soutien logistique en unit\u00e9, en passant par la qualification et la fabrication des mat\u00e9riels.\n\nNos prestations couvrent :\n<ul><\/ul>\n<ul>\n\t<li>Le management du contrat,<\/li>\n\t<li>L\u2019assurance qualit\u00e9 projet et fournitures,<\/li>\n\t<li>Les activit\u00e9s de soutien (mise \u00e0 jour de toute la DTU, refonte des dossiers r\u00e8glementaires et environnementaux, production des notices d\u2019utilisation et de justifications des \u00e9volutions\u2026)<\/li>\n\t<li>Le pilotage des industriels et des sous-traitants,<\/li>\n\t<li>Le suivi et le pilotage de la production.<\/li>\n<\/ul>\n<\/div>\n\" dsm_content_use_icon_image=\"on\" dsm_content_image=\"https:\/\/staging.isd-sa.com\/wp-content\/uploads\/2022\/12\/vignettes-solutions-3.jpg\" _builder_version=\"4.19.5\" _module_preset=\"default\" content_title_level=\"h3\" global_colors_info=\"{}\" parentorderclass=\"dsm_advanced_tabs_0\"][\/dsm_advanced_tabs_child][dsm_advanced_tabs_child module_id=\"formation-technique-et-operationnelle\" dsm_title=\"GLOBAL-MCO\" dsm_content_title=\"Global-MCO\" dsm_content=\"<h2 class=%22dsm-title%22><\/h2>\n<div class=%22dsm-content%22>\n\nDepuis 2015, le groupe ISD a cr\u00e9\u00e9, avec son partenaire Ametra, <strong>Global<\/strong><strong>-MCO<\/strong>. Un GME d\u00e9di\u00e9 au traitement de la <strong>maitrise technique et des besoins compl\u00e9mentaires<\/strong> des mat\u00e9riels en utilisation, travaillant <strong>simultan\u00e9ment<\/strong> sur la d\u00e9finition et le soutien des syst\u00e8mes.\n\nGlobal-MCO apporte ses comp\u00e9tences dans les domaines suivants :\n<ul><\/ul>\n<ul>\n\t<li>Traitement d\u2019<strong>obsolescences <\/strong>et de<strong> faits techniques<\/strong>,<\/li>\n\t<li>Traitements des <strong>\u00e9volutions <\/strong>des syst\u00e8mes,<\/li>\n\t<li>Etudes d\u2019ing\u00e9nierie d\u00e9taill\u00e9e,<\/li>\n\t<li>R\u00e9alisation des travaux de d\u00e9finition n\u00e9cessaires,<\/li>\n\t<li>R\u00e9alisation des travaux d\u2019ASL n\u00e9cessaires.<\/li>\n\t<li><strong>Ing\u00e9nierie simultan\u00e9e<\/strong> : \u00e9tudes\/soutien,<\/li>\n\t<li>Fabrication de prototypes.<\/li>\n<\/ul>\n<\/div>\n\" dsm_content_use_icon_image=\"on\" dsm_content_image=\"https:\/\/staging.isd-sa.com\/wp-content\/uploads\/2022\/12\/vignettes-solutions-4.jpg\" _builder_version=\"4.19.5\" _module_preset=\"default\" content_title_level=\"h3\" global_colors_info=\"{}\" parentorderclass=\"dsm_advanced_tabs_0\"][\/dsm_advanced_tabs_child][dsm_advanced_tabs_child module_id=\"formation-technique-et-operationnelle\" dsm_title=\"ASSISTANCE TECHNIQUE ET EXPORT\" dsm_content_title=\"Assistance Technique & Export\" dsm_content=\"<h2 class=%22dsm-title%22><\/h2>\n<div class=%22dsm-content%22>\n\nISD adresse des projets d\u2019assistance technique en France et \u00e0 l\u2019\u00e9tranger, et maitrise l\u2019<strong>expatriation de personnels exp\u00e9riment\u00e9s <\/strong>envoy\u00e9s en <strong>mission courte, moyenne ou longue<\/strong> : int\u00e9gration - montage, formations, travaux de maintenance, conseil et pilotage de projet.\n\nUn positionnement sp\u00e9cifique en <strong>Arabie Saoudite<\/strong> permet \u00e0 <strong>ISD Saudi Arabia<\/strong> de se faire le relai des industriels localement.\n\n<\/div>\n\" dsm_content_use_icon_image=\"on\" dsm_content_image=\"https:\/\/staging.isd-sa.com\/wp-content\/uploads\/2022\/12\/vignettes-solutions-5.jpg\" _builder_version=\"4.19.5\" _module_preset=\"default\" content_title_level=\"h3\" global_colors_info=\"{}\" parentorderclass=\"dsm_advanced_tabs_0\"][\/dsm_advanced_tabs_child][\/dsm_advanced_tabs]<\/div><\/div><\/div>\n","protected":false},"excerpt":{"rendered":"","protected":false},"author":4,"featured_media":0,"parent":0,"menu_order":0,"comment_status":"closed","ping_status":"closed","template":"","meta":{"footnotes":""},"class_list":["post-3652","page","type-page","status-publish","hentry"],"_links":{"self":[{"href":"https:\/\/staging.isd-sa.com\/en\/wp-json\/wp\/v2\/pages\/3652","targetHints":{"allow":["GET"]}}],"collection":[{"href":"https:\/\/staging.isd-sa.com\/en\/wp-json\/wp\/v2\/pages"}],"about":[{"href":"https:\/\/staging.isd-sa.com\/en\/wp-json\/wp\/v2\/types\/page"}],"author":[{"embeddable":true,"href":"https:\/\/staging.isd-sa.com\/en\/wp-json\/wp\/v2\/users\/4"}],"replies":[{"embeddable":true,"href":"https:\/\/staging.isd-sa.com\/en\/wp-json\/wp\/v2\/comments?post=3652"}],"version-history":[{"count":4,"href":"https:\/\/staging.isd-sa.com\/en\/wp-json\/wp\/v2\/pages\/3652\/revisions"}],"predecessor-version":[{"id":6081,"href":"https:\/\/staging.isd-sa.com\/en\/wp-json\/wp\/v2\/pages\/3652\/revisions\/6081"}],"wp:attachment":[{"href":"https:\/\/staging.isd-sa.com\/en\/wp-json\/wp\/v2\/media?parent=3652"}],"curies":[{"name":"wp","href":"https:\/\/api.w.org\/{rel}","templated":true}]}}